{"id":1551,"date":"2024-08-16T11:02:05","date_gmt":"2024-08-16T11:02:05","guid":{"rendered":"https:\/\/www.advogadobrasileiro-espanha.com\/blog\/"},"modified":"2026-04-08T19:59:48","modified_gmt":"2026-04-08T19:59:48","slug":"blog","status":"publish","type":"page","link":"https:\/\/www.advogadobrasileiro-espanha.com\/pt-br\/blog\/","title":{"rendered":"Blog"},"content":{"rendered":"\t\t<div data-elementor-type=\"wp-page\" data-elementor-id=\"1551\" class=\"elementor elementor-1551 elementor-21\" data-elementor-post-type=\"page\">\n\t\t\t\t<div class=\"elementor-element elementor-element-195f30d e-con-full e-flex wpr-particle-no wpr-jarallax-no wpr-parallax-no wpr-sticky-section-no e-con e-parent\" data-id=\"195f30d\" data-element_type=\"container\" data-e-type=\"container\" data-settings=\"{&quot;background_background&quot;:&quot;classic&quot;}\">\n\t\t<div class=\"elementor-element elementor-element-371cbb1 e-con-full e-flex wpr-particle-no wpr-jarallax-no wpr-parallax-no wpr-sticky-section-no e-con e-child\" data-id=\"371cbb1\" data-element_type=\"container\" data-e-type=\"container\">\n\t\t\t\t<div class=\"elementor-element elementor-element-d9b3fde elementor-widget__width-initial elementor-widget elementor-widget-heading\" data-id=\"d9b3fde\" data-element_type=\"widget\" data-e-type=\"widget\" data-widget_type=\"heading.default\">\n\t\t\t\t<div class=\"elementor-widget-container\">\n\t\t\t\t\t<h1 class=\"elementor-heading-title elementor-size-default\">Bem-vindo ao nosso blog<\/h1>\t\t\t\t<\/div>\n\t\t\t\t<\/div>\n\t\t\t\t<\/div>\n\t\t<div class=\"elementor-element elementor-element-556ff01 e-con-full e-flex wpr-particle-no wpr-jarallax-no wpr-parallax-no wpr-sticky-section-no e-con e-child\" data-id=\"556ff01\" data-element_type=\"container\" data-e-type=\"container\">\n\t\t\t\t<\/div>\n\t\t\t\t<\/div>\n\t\t<div class=\"elementor-element elementor-element-a2045cc e-flex e-con-boxed wpr-particle-no wpr-jarallax-no wpr-parallax-no wpr-sticky-section-no e-con e-parent\" data-id=\"a2045cc\" data-element_type=\"container\" data-e-type=\"container\" data-settings=\"{&quot;background_background&quot;:&quot;classic&quot;}\">\n\t\t\t\t\t<div class=\"e-con-inner\">\n\t\t\t\t<div class=\"elementor-element elementor-element-7f863e0 elementor-widget elementor-widget-heading\" data-id=\"7f863e0\" data-element_type=\"widget\" data-e-type=\"widget\" data-widget_type=\"heading.default\">\n\t\t\t\t<div class=\"elementor-widget-container\">\n\t\t\t\t\t<p class=\"elementor-heading-title elementor-size-default\">Sua janela para o Direito Internacional em dois idiomas<\/p>\t\t\t\t<\/div>\n\t\t\t\t<\/div>\n\t\t\t\t\t<\/div>\n\t\t\t\t<\/div>\n\t\t<div class=\"elementor-element elementor-element-26b7cb5 e-flex e-con-boxed wpr-particle-no wpr-jarallax-no wpr-parallax-no wpr-sticky-section-no e-con e-parent\" data-id=\"26b7cb5\" data-element_type=\"container\" data-e-type=\"container\">\n\t\t\t\t\t<div class=\"e-con-inner\">\n\t\t\t\t<div class=\"elementor-element elementor-element-24fdf4f wpr-grid-columns-3 wpr-grid-columns--widescreen3 wpr-grid-columns--laptop3 wpr-grid-columns--tablet_extra3 wpr-grid-columns--tablet2 wpr-grid-columns--mobile_extra2 wpr-grid-columns--mobile1 wpr-grid-pagination-center wpr-item-styles-inner elementor-widget elementor-widget-wpr-grid\" data-id=\"24fdf4f\" data-element_type=\"widget\" data-e-type=\"widget\" data-widget_type=\"wpr-grid.default\">\n\t\t\t\t<div class=\"elementor-widget-container\">\n\t\t\t\t\t<ul class=\"wpr-grid-filters elementor-clearfix wpr-grid-filters-sep-right\"><li class=\" wpr-pointer-none wpr-pointer-line-fx wpr-pointer-fx-none\"><span  data-filter=\"*\" class=\"wpr-grid-filters-item wpr-active-filter \">Todas as Publica\u00e7\u00f5es<\/span><em class=\"wpr-grid-filters-sep\"><\/em><\/li><li class=\" wpr-pointer-none wpr-pointer-line-fx wpr-pointer-fx-none\"><span   data-ajax-filter=[\"category\",\"espanhol\"]  data-filter=\".category-espanhol\">Espanhol<\/span><em class=\"wpr-grid-filters-sep\"><\/em><\/li><li class=\" wpr-pointer-none wpr-pointer-line-fx wpr-pointer-fx-none\"><span   data-ajax-filter=[\"category\",\"nao-categorizado\"]  data-filter=\".category-nao-categorizado\">N\u00e3o categorizado<\/span><em class=\"wpr-grid-filters-sep\"><\/em><\/li><li class=\" wpr-pointer-none wpr-pointer-line-fx wpr-pointer-fx-none\"><span   data-ajax-filter=[\"category\",\"noticias\"]  data-filter=\".category-noticias\">Not\u00edcias<\/span><em class=\"wpr-grid-filters-sep\"><\/em><\/li><\/ul><section class=\"wpr-grid elementor-clearfix\" data-settings=\"{&quot;layout&quot;:&quot;fitRows&quot;,&quot;stick_last_element_to_bottom&quot;:&quot;&quot;,&quot;columns_desktop&quot;:&quot;3&quot;,&quot;gutter_hr&quot;:50,&quot;gutter_hr_mobile&quot;:50,&quot;gutter_hr_mobile_extra&quot;:50,&quot;gutter_hr_tablet&quot;:50,&quot;gutter_hr_tablet_extra&quot;:50,&quot;gutter_hr_laptop&quot;:50,&quot;gutter_hr_widescreen&quot;:50,&quot;gutter_vr&quot;:50,&quot;gutter_vr_mobile&quot;:50,&quot;gutter_vr_mobile_extra&quot;:50,&quot;gutter_vr_tablet&quot;:50,&quot;gutter_vr_tablet_extra&quot;:50,&quot;gutter_vr_laptop&quot;:50,&quot;gutter_vr_widescreen&quot;:50,&quot;animation&quot;:&quot;default&quot;,&quot;animation_duration&quot;:0.3,&quot;animation_delay&quot;:0.1,&quot;deeplinking&quot;:&quot;&quot;,&quot;filters_linkable&quot;:&quot;no&quot;,&quot;filters_default_filter&quot;:&quot;&quot;,&quot;filters_count&quot;:&quot;&quot;,&quot;filters_hide_empty&quot;:&quot;no&quot;,&quot;filters_animation&quot;:&quot;default&quot;,&quot;filters_animation_duration&quot;:0.3,&quot;filters_animation_delay&quot;:0.1,&quot;pagination_type&quot;:&quot;load-more&quot;,&quot;pagination_max_pages&quot;:1,&quot;lightbox&quot;:{&quot;selector&quot;:&quot;.wpr-grid-image-wrap&quot;,&quot;iframeMaxWidth&quot;:&quot;60%&quot;,&quot;hash&quot;:false,&quot;autoplay&quot;:&quot;true&quot;,&quot;pause&quot;:5000,&quot;progressBar&quot;:&quot;true&quot;,&quot;counter&quot;:&quot;true&quot;,&quot;controls&quot;:&quot;true&quot;,&quot;getCaptionFromTitleOrAlt&quot;:&quot;true&quot;,&quot;thumbnail&quot;:&quot;&quot;,&quot;showThumbByDefault&quot;:&quot;&quot;,&quot;share&quot;:&quot;&quot;,&quot;zoom&quot;:&quot;true&quot;,&quot;fullScreen&quot;:&quot;true&quot;,&quot;download&quot;:&quot;true&quot;}}\" data-advanced-filters=\"no\"><article class=\"wpr-grid-item elementor-clearfix post-1567 post type-post status-publish format-standard has-post-thumbnail hentry category-espanhol category-noticias tag-espera-para-nacionalidade tag-nacionalidade-espanhola tag-processos-de-nacionalidade\"><div class=\"wpr-grid-item-inner\"><div class=\"wpr-grid-media-wrap wpr-effect-size-medium \" data-overlay-link=\"yes\"><div class=\"wpr-grid-image-wrap\" data-src=\"https:\/\/www.advogadobrasileiro-espanha.com\/wp-content\/uploads\/2025\/01\/No-te-preocupes-si-tu-tramite-de-nacionalidad-espanola-por-residencia-esta-tardando-demasiado-en-completarse_Espanol.png\" data-img-on-hover=\"\"  data-src-secondary=\"\"><img decoding=\"async\" data-no-lazy=\"1\" src=\"https:\/\/www.advogadobrasileiro-espanha.com\/wp-content\/uploads\/2025\/01\/No-te-preocupes-si-tu-tramite-de-nacionalidad-espanola-por-residencia-esta-tardando-demasiado-en-completarse_Espanol.png\" alt=\"Processo de nacionalidade espanhola\" class=\"wpr-anim-timing-ease-default\"><\/div><div class=\"wpr-grid-media-hover wpr-animation-wrap\"><div class=\"wpr-grid-media-hover-bg  wpr-overlay-fade-in wpr-anim-size-large wpr-anim-timing-ease-default wpr-anim-transparency\" data-url=\"https:\/\/www.advogadobrasileiro-espanha.com\/pt-br\/nao-se-preocupe-se-o-seu-processo-de-nacionalidade-espanhola-por-residencia-esta-demorando-a-sair\/\"><\/div><\/div><\/div><div class=\"wpr-grid-item-below-content elementor-clearfix\"><h2 class=\"wpr-grid-item-title elementor-repeater-item-c49183b wpr-grid-item-display-block wpr-grid-item-align-left wpr-pointer-none wpr-pointer-line-fx wpr-pointer-fx-fade\"><div class=\"inner-block\"><a target=\"_self\"  href=\"https:\/\/www.advogadobrasileiro-espanha.com\/pt-br\/nao-se-preocupe-se-o-seu-processo-de-nacionalidade-espanhola-por-residencia-esta-demorando-a-sair\/\">N\u00e3o se preocupe se o seu processo de nacionalidade espanhola por resid\u00eancia est\u00e1 demorando a sair<\/a><\/div><\/h2><div class=\"wpr-grid-item-date elementor-repeater-item-a0a5891 wpr-grid-item-display-block wpr-grid-item-align-left\"><div class=\"inner-block\"><span>19\/07\/2017<\/span><\/div><\/div><div class=\"wpr-grid-item-excerpt elementor-repeater-item-bbeb725 wpr-grid-item-display-block wpr-grid-item-align-left\"><div class=\"inner-block\"><p>N\u00e3o se preocupe se o seu processo de nacionalidade espanhola por resid\u00eancia estiver demorando muito para ser conclu\u00eddo Muitas pessoas,...<\/p><\/div><\/div><div class=\"wpr-grid-item-read-more elementor-repeater-item-17e7d6a wpr-grid-item-display-block wpr-grid-item-align-left\"><div class=\"inner-block\"><a target=\"_self\" href=\"https:\/\/www.advogadobrasileiro-espanha.com\/pt-br\/nao-se-preocupe-se-o-seu-processo-de-nacionalidade-espanhola-por-residencia-esta-demorando-a-sair\/\" class=\"wpr-button-effect wpr-button-none\"><span>Leia Mais<\/span><\/a><\/div><\/div><\/div><\/div><\/article><\/section>\t\t\t\t<\/div>\n\t\t\t\t<\/div>\n\t\t\t\t\t<\/div>\n\t\t\t\t<\/div>\n\t\t\t\t<\/div>\n\t\t","protected":false},"excerpt":{"rendered":"<p>Bem-vindo ao nosso blog Sua janela para o Direito Internacional em dois idiomas Todas as Publica\u00e7\u00f5es Brasileiro Espa\u00f1ol Sin categorizar &nbsp;&nbsp;Back Art\u00edculos Casos resueltos Preguntas frecuentes Jurisprudencia Mediaci\u00f3n Noticias Noticias express Opiniones Paso a paso \u00bfSab\u00edas eso? &nbsp;&nbsp;Back Artigos Casos resolvidos Perguntas mais frequentes Jurisprud\u00eancia Media\u00e7\u00e3o Not\u00edcias Noticias Express Opini\u00f5es Passo a passo Voc\u00ea sabia disso? N\u00e3o se preocupe se o seu processo de nacionalidade espanhola por resid\u00eancia est\u00e1 demorando a sair 19\/07\/2017 N\u00e3o se preocupe se o seu processo de nacionalidade espanhola por resid\u00eancia est\u00e1 demorando a sair Muita gente, sabendo da&#8230; Leia Mais No te preocupes si tu tr\u00e1mite de nacionalidad espa\u00f1ola por residencia est\u00e1 tardando demasiado en completarse 19\/07\/2017 No te preocupes si tu tr\u00e1mite de nacionalidad espa\u00f1ola por residencia est\u00e1 tardando demasiado en completarse Muchas personas, al conocer&#8230; Leia Mais Saiba como divorciar-se na Espanha ainda que voc\u00ea n\u00e3o tenha resid\u00eancia legal 14\/07\/2017 Saiba como divorciar-se na Espanha ainda que voc\u00ea n\u00e3o tenha resid\u00eancia legal Voc\u00ea sabia que se reside na Espanha a&#8230; Leia Mais Descubre c\u00f3mo divorciarse en Espa\u00f1a aunque no tengas residencia legal 14\/07\/2017 Descubre c\u00f3mo divorciarse en Espa\u00f1a aunque no tengas residencia legal \u00bfSab\u00edas que si has vivido en Espa\u00f1a durante m\u00e1s de&#8230; Leia Mais Sou um falso aut\u00f4nomo? Como denunciar esta situa\u00e7\u00e3o 10\/07\/2017 Sou um falso aut\u00f4nomo? Como denunciar esta situa\u00e7\u00e3o Um falso aut\u00f4nomo \u00e9 aquele trabalhador que vai todos os dias ao&#8230; Leia Mais \u00bfSoy un falso aut\u00f3nomo? C\u00f3mo reportar esta situaci\u00f3n 10\/07\/2017 \u00bfSoy un falso aut\u00f3nomo? C\u00f3mo reportar esta situaci\u00f3n Un falso aut\u00f3nomo es un trabajador que acude todos los d\u00edas a&#8230; Leia Mais Tenha cuidado com contratos falsos para solicitar autoriza\u00e7\u00f5es de resid\u00eancia e trabalho ou renov\u00e1-las 04\/07\/2017 Tenha cuidado com contratos falsos para solicitar autoriza\u00e7\u00f5es de resid\u00eancia e trabalho ou renov\u00e1-las Na Espanha, muitos estrangeiros buscam regularizar&#8230; Leia Mais Cuidado con los contratos falsos para solicitar permisos de residencia, trabajo o renovarlos 04\/07\/2017 Cuidado con los contratos falsos para solicitar permisos de residencia, trabajo o renovarlos En Espa\u00f1a, muchos extranjeros buscan regularizar su&#8230; Leia Mais Cuidado com as denuncias de violencia de g\u00eanero. Se tem NIE e for condenado pode perd\u00ea-lo 29\/03\/2017 Cuidado com as denuncias de violencia de g\u00eanero: Se tem NIE e for condenado pode perd\u00ea-lo Na Espanha, as den\u00fancias&#8230; Leia Mais Carregar Mais Fim do Conte\u00fado.<\/p>\n","protected":false},"author":1,"featured_media":0,"parent":0,"menu_order":0,"comment_status":"closed","ping_status":"closed","template":"","meta":{"site-sidebar-layout":"no-sidebar","site-content-layout":"","ast-site-content-layout":"full-width-container","site-content-style":"default","site-sidebar-style":"default","ast-global-header-display":"","ast-banner-title-visibility":"","ast-main-header-display":"","ast-hfb-above-header-display":"","ast-hfb-below-header-display":"","ast-hfb-mobile-header-display":"","site-post-title":"disabled","ast-breadcrumbs-content":"","ast-featured-img":"disabled","footer-sml-layout":"","theme-transparent-header-meta":"","adv-header-id-meta":"","stick-header-meta":"","header-above-stick-meta":"","header-main-stick-meta":"","header-below-stick-meta":"","astra-migrate-meta-layouts":"default","ast-page-background-enabled":"default","ast-page-background-meta":{"desktop":{"background-color":"var(--ast-global-color-4)","background-image":"","background-repeat":"repeat","background-position":"center center","background-size":"auto","background-attachment":"scroll","background-type":"","background-media":"","overlay-type":"","overlay-color":"","overlay-opacity":"","overlay-gradient":""},"tablet":{"background-color":"","background-image":"","background-repeat":"repeat","background-position":"center center","background-size":"auto","background-attachment":"scroll","background-type":"","background-media":"","overlay-type":"","overlay-color":"","overlay-opacity":"","overlay-gradient":""},"mobile":{"background-color":"","background-image":"","background-repeat":"repeat","background-position":"center center","background-size":"auto","background-attachment":"scroll","background-type":"","background-media":"","overlay-type":"","overlay-color":"","overlay-opacity":"","overlay-gradient":""}},"ast-content-background-meta":{"desktop":{"background-color":"var(--ast-global-color-5)","background-image":"","background-repeat":"repeat","background-position":"center center","background-size":"auto","background-attachment":"scroll","background-type":"","background-media":"","overlay-type":"","overlay-color":"","overlay-opacity":"","overlay-gradient":""},"tablet":{"background-color":"var(--ast-global-color-5)","background-image":"","background-repeat":"repeat","background-position":"center center","background-size":"auto","background-attachment":"scroll","background-type":"","background-media":"","overlay-type":"","overlay-color":"","overlay-opacity":"","overlay-gradient":""},"mobile":{"background-color":"var(--ast-global-color-5)","background-image":"","background-repeat":"repeat","background-position":"center center","background-size":"auto","background-attachment":"scroll","background-type":"","background-media":"","overlay-type":"","overlay-color":"","overlay-opacity":"","overlay-gradient":""}},"footnotes":""},"class_list":["post-1551","page","type-page","status-publish","hentry"],"_links":{"self":[{"href":"https:\/\/www.advogadobrasileiro-espanha.com\/pt-br\/wp-json\/wp\/v2\/pages\/1551","targetHints":{"allow":["GET"]}}],"collection":[{"href":"https:\/\/www.advogadobrasileiro-espanha.com\/pt-br\/wp-json\/wp\/v2\/pages"}],"about":[{"href":"https:\/\/www.advogadobrasileiro-espanha.com\/pt-br\/wp-json\/wp\/v2\/types\/page"}],"author":[{"embeddable":true,"href":"https:\/\/www.advogadobrasileiro-espanha.com\/pt-br\/wp-json\/wp\/v2\/users\/1"}],"replies":[{"embeddable":true,"href":"https:\/\/www.advogadobrasileiro-espanha.com\/pt-br\/wp-json\/wp\/v2\/comments?post=1551"}],"version-history":[{"count":6,"href":"https:\/\/www.advogadobrasileiro-espanha.com\/pt-br\/wp-json\/wp\/v2\/pages\/1551\/revisions"}],"predecessor-version":[{"id":1736,"href":"https:\/\/www.advogadobrasileiro-espanha.com\/pt-br\/wp-json\/wp\/v2\/pages\/1551\/revisions\/1736"}],"wp:attachment":[{"href":"https:\/\/www.advogadobrasileiro-espanha.com\/pt-br\/wp-json\/wp\/v2\/media?parent=1551"}],"curies":[{"name":"wp","href":"https:\/\/api.w.org\/{rel}","templated":true}]}}