{"id":1569,"date":"2024-08-16T11:01:00","date_gmt":"2024-08-16T11:01:00","guid":{"rendered":"https:\/\/www.advogadobrasileiro-espanha.com\/politica-de-cookies\/"},"modified":"2026-03-12T10:08:05","modified_gmt":"2026-03-12T10:08:05","slug":"politica-de-cookies","status":"publish","type":"page","link":"https:\/\/www.advogadobrasileiro-espanha.com\/pt-br\/politica-de-cookies\/","title":{"rendered":"Pol\u00edtica de Cookies"},"content":{"rendered":"\t\t<div data-elementor-type=\"wp-page\" data-elementor-id=\"1569\" class=\"elementor elementor-1569 elementor-13\" data-elementor-post-type=\"page\">\n\t\t\t\t<div class=\"elementor-element elementor-element-d157a09 e-flex e-con-boxed wpr-particle-no wpr-jarallax-no wpr-parallax-no wpr-sticky-section-no e-con e-parent\" data-id=\"d157a09\" data-element_type=\"container\" data-e-type=\"container\">\n\t\t\t\t\t<div class=\"e-con-inner\">\n\t\t\t\t<div class=\"elementor-element elementor-element-c227033 elementor-widget elementor-widget-heading\" data-id=\"c227033\" data-element_type=\"widget\" data-e-type=\"widget\" data-widget_type=\"heading.default\">\n\t\t\t\t<div class=\"elementor-widget-container\">\n\t\t\t\t\t<h1 class=\"elementor-heading-title elementor-size-default\">Pol\u00edtica de Cookies<\/h1>\t\t\t\t<\/div>\n\t\t\t\t<\/div>\n\t\t\t\t<div class=\"elementor-element elementor-element-0c84383 elementor-widget elementor-widget-text-editor\" data-id=\"0c84383\" data-element_type=\"widget\" data-e-type=\"widget\" data-widget_type=\"text-editor.default\">\n\t\t\t\t<div class=\"elementor-widget-container\">\n\t\t\t\t\t\t\t\t\t<b>Advogado Brasileiro<\/b> informa sobre a pol\u00edtica de cookies de sua p\u00e1gina web: <strong><a style=\"color: #33336c;\" href=\"https:\/\/www.advogadobrasileiro-espanha.com\/pt-br\/\">https:\/\/www.advogadobrasileiro-espanha.com\/<\/a><\/strong>\t\t\t\t\t\t\t\t<\/div>\n\t\t\t\t<\/div>\n\t\t\t\t\t<\/div>\n\t\t\t\t<\/div>\n\t\t<div class=\"elementor-element elementor-element-9d1465c e-flex e-con-boxed wpr-particle-no wpr-jarallax-no wpr-parallax-no wpr-sticky-section-no e-con e-parent\" data-id=\"9d1465c\" data-element_type=\"container\" data-e-type=\"container\">\n\t\t\t\t\t<div class=\"e-con-inner\">\n\t\t\t\t<div class=\"elementor-element elementor-element-a959768 elementor-widget elementor-widget-heading\" data-id=\"a959768\" data-element_type=\"widget\" data-e-type=\"widget\" data-widget_type=\"heading.default\">\n\t\t\t\t<div class=\"elementor-widget-container\">\n\t\t\t\t\t<h2 class=\"elementor-heading-title elementor-size-default\">1. O que s\u00e3o cookies?<\/h2>\t\t\t\t<\/div>\n\t\t\t\t<\/div>\n\t\t\t\t<div class=\"elementor-element elementor-element-3788300 elementor-widget elementor-widget-text-editor\" data-id=\"3788300\" data-element_type=\"widget\" data-e-type=\"widget\" data-widget_type=\"text-editor.default\">\n\t\t\t\t<div class=\"elementor-widget-container\">\n\t\t\t\t\t\t\t\t\t<p>Os cookies s\u00e3o pequenos arquivos que s\u00e3o baixados em seu dispositivo por meio de p\u00e1ginas web. S\u00e3o ferramentas essenciais para oferecer v\u00e1rios servi\u00e7os no \u00e2mbito da sociedade da informa\u00e7\u00e3o. Entre outras fun\u00e7\u00f5es, permitem que um site armazene e recupere informa\u00e7\u00f5es relacionadas aos h\u00e1bitos de navega\u00e7\u00e3o do usu\u00e1rio ou de seu dispositivo. Com base nessas informa\u00e7\u00f5es, os cookies podem ser utilizados para identificar o usu\u00e1rio e melhorar a qualidade do servi\u00e7o prestado.   <\/p>\t\t\t\t\t\t\t\t<\/div>\n\t\t\t\t<\/div>\n\t\t\t\t\t<\/div>\n\t\t\t\t<\/div>\n\t\t<div class=\"elementor-element elementor-element-9f41860 e-flex e-con-boxed wpr-particle-no wpr-jarallax-no wpr-parallax-no wpr-sticky-section-no e-con e-parent\" data-id=\"9f41860\" data-element_type=\"container\" data-e-type=\"container\">\n\t\t\t\t\t<div class=\"e-con-inner\">\n\t\t\t\t<div class=\"elementor-element elementor-element-5974d58 elementor-widget elementor-widget-heading\" data-id=\"5974d58\" data-element_type=\"widget\" data-e-type=\"widget\" data-widget_type=\"heading.default\">\n\t\t\t\t<div class=\"elementor-widget-container\">\n\t\t\t\t\t<h2 class=\"elementor-heading-title elementor-size-default\">2. Tipos de cookies<\/h2>\t\t\t\t<\/div>\n\t\t\t\t<\/div>\n\t\t\t\t<div class=\"elementor-element elementor-element-c639460 elementor-widget elementor-widget-text-editor\" data-id=\"c639460\" data-element_type=\"widget\" data-e-type=\"widget\" data-widget_type=\"text-editor.default\">\n\t\t\t\t<div class=\"elementor-widget-container\">\n\t\t\t\t\t\t\t\t\t<p>Dependendo da entidade que gerencia o dom\u00ednio a partir do qual os cookies s\u00e3o enviados e que se encarrega do tratamento dos dados obtidos, os cookies podem ser classificados em duas categorias:<\/p><ul><li><strong>Cookies pr\u00f3prios<\/strong>: S\u00e3o aqueles enviados ao dispositivo do usu\u00e1rio a partir de um equipamento ou dom\u00ednio gerenciado pelo editor do site, a partir do qual o servi\u00e7o solicitado pelo usu\u00e1rio \u00e9 prestado.<\/li><li><strong>Cookies de terceiros<\/strong>: S\u00e3o aqueles enviados ao dispositivo do usu\u00e1rio a partir de um equipamento ou dom\u00ednio que n\u00e3o \u00e9 gerenciado pelo editor do site, mas sim por outra entidade que trata os dados obtidos por meio dos cookies.<\/li><\/ul><p>\u00c9 importante destacar que, embora os cookies sejam instalados a partir de um equipamento ou dom\u00ednio gerenciado pelo editor do site, se a informa\u00e7\u00e3o coletada for administrada por um terceiro, eles n\u00e3o podem ser considerados cookies pr\u00f3prios.<\/p><p>Adicionalmente, os cookies tamb\u00e9m podem ser classificados de acordo com o tempo que permanecem armazenados no navegador do usu\u00e1rio:<\/p><ul><li><strong>Cookies de sess\u00e3o<\/strong>: S\u00e3o projetados para coletar e armazenar dados enquanto o usu\u00e1rio acessa um site. Esses cookies costumam ser utilizados para armazenar informa\u00e7\u00f5es relevantes para a presta\u00e7\u00e3o de um servi\u00e7o espec\u00edfico solicitado pelo usu\u00e1rio em uma \u00fanica ocasi\u00e3o, como a lista de produtos comprados. <\/li><li><strong>Cookies persistentes<\/strong>: Permanecem armazenados no dispositivo do usu\u00e1rio e podem ser acessados e tratados durante um per\u00edodo definido pelo respons\u00e1vel pelo cookie, que pode variar de alguns minutos a v\u00e1rios anos.<\/li><\/ul><p>Finalmente, existe uma classifica\u00e7\u00e3o baseada na finalidade do tratamento dos dados:<\/p><ul><li><strong>Cookies t\u00e9cnicos<\/strong>: Permitem ao usu\u00e1rio navegar por um site, plataforma ou aplicativo, e utilizar diferentes op\u00e7\u00f5es ou servi\u00e7os dispon\u00edveis, como controlar o tr\u00e1fego de dados, identificar a sess\u00e3o, acessar \u00e1reas restritas ou lembrar itens de um pedido.<\/li><li><strong>Cookies de personaliza\u00e7\u00e3o<\/strong>: Facilitam ao usu\u00e1rio o acesso ao servi\u00e7o com caracter\u00edsticas predefinidas com base em certos crit\u00e9rios em seu dispositivo, como o idioma, o tipo de navegador ou a configura\u00e7\u00e3o regional.<\/li><li><strong>Cookies de an\u00e1lise<\/strong>: Permitem ao respons\u00e1vel por esses cookies realizar o acompanhamento e a an\u00e1lise do comportamento dos usu\u00e1rios nos sites vinculados, com o objetivo de melhorar o servi\u00e7o com base nos dados de uso.<\/li><li><strong>Cookies publicit\u00e1rios<\/strong>: S\u00e3o utilizados para a gest\u00e3o eficaz dos espa\u00e7os publicit\u00e1rios.<\/li><li><strong>Cookies de publicidade comportamental<\/strong>: Armazenam informa\u00e7\u00f5es sobre os h\u00e1bitos de navega\u00e7\u00e3o dos usu\u00e1rios, obtidas por meio da observa\u00e7\u00e3o cont\u00ednua, a fim de desenvolver um perfil espec\u00edfico para exibir publicidade personalizada.<\/li><li><strong>Cookies de redes sociais externas<\/strong>: Permitem que os usu\u00e1rios interajam com o conte\u00fado de diversas plataformas sociais e s\u00e3o gerados apenas para os usu\u00e1rios que s\u00e3o membros de tais redes sociais. As condi\u00e7\u00f5es de uso desses cookies s\u00e3o reguladas pela pol\u00edtica de privacidade da plataforma social correspondente. <\/li><\/ul>\t\t\t\t\t\t\t\t<\/div>\n\t\t\t\t<\/div>\n\t\t\t\t\t<\/div>\n\t\t\t\t<\/div>\n\t\t<div class=\"elementor-element elementor-element-a6228e2 e-flex e-con-boxed wpr-particle-no wpr-jarallax-no wpr-parallax-no wpr-sticky-section-no e-con e-parent\" data-id=\"a6228e2\" data-element_type=\"container\" data-e-type=\"container\">\n\t\t\t\t\t<div class=\"e-con-inner\">\n\t\t\t\t<div class=\"elementor-element elementor-element-0efcc65 elementor-widget elementor-widget-heading\" data-id=\"0efcc65\" data-element_type=\"widget\" data-e-type=\"widget\" data-widget_type=\"heading.default\">\n\t\t\t\t<div class=\"elementor-widget-container\">\n\t\t\t\t\t<h2 class=\"elementor-heading-title elementor-size-default\">3. Desativa\u00e7\u00e3o e exclus\u00e3o de cookies<\/h2>\t\t\t\t<\/div>\n\t\t\t\t<\/div>\n\t\t\t\t<div class=\"elementor-element elementor-element-963f827 elementor-widget elementor-widget-text-editor\" data-id=\"963f827\" data-element_type=\"widget\" data-e-type=\"widget\" data-widget_type=\"text-editor.default\">\n\t\t\t\t<div class=\"elementor-widget-container\">\n\t\t\t\t\t\t\t\t\tVoc\u00ea tem a op\u00e7\u00e3o de permitir, bloquear ou excluir os cookies instalados em seu dispositivo por meio da configura\u00e7\u00e3o das op\u00e7\u00f5es de seu navegador. No entanto, ao desativar os cookies, \u00e9 poss\u00edvel que alguns servi\u00e7os dispon\u00edveis n\u00e3o funcionem corretamente. A maneira de desativar os cookies varia de acordo com o navegador, mas geralmente pode ser feita pelo menu Ferramentas ou Op\u00e7\u00f5es. Voc\u00ea tamb\u00e9m pode encontrar as instru\u00e7\u00f5es no menu de Ajuda de seu navegador.   \n\nO usu\u00e1rio pode decidir a qualquer momento quais cookies deseja permitir neste site.\n\nVoc\u00ea pode permitir, bloquear ou excluir os cookies instalados em seu dispositivo ajustando as configura\u00e7\u00f5es das op\u00e7\u00f5es do navegador em seu computador:\n<ul>\n \t<li><strong>Microsoft Internet Explorer ou Microsoft Edge<\/strong>: <a style=\"color: #33336c;\" href=\"http:\/\/windows.microsoft.com\/es-es\/windows-vista\/Block-or-allow-cookies\" target=\"_new\" rel=\"noopener\">http:\/\/windows.microsoft.com\/es-es\/windows-vista\/Block-or-allow-cookies<\/a><\/li>\n \t<li><strong>Mozilla Firefox<\/strong>: <a style=\"color: #33336c;\" href=\"http:\/\/support.mozilla.org\/es\/kb\/impedir-que-los-sitios-webguarden-sus-preferencia\" target=\"_new\" rel=\"noopener\">http:\/\/support.mozilla.org\/es\/kb\/impedir-que-los-sitios-webguarden-sus-preferencia<\/a><\/li>\n \t<li><strong>Google Chrome<\/strong>: <a style=\"color: #33336c;\" href=\"https:\/\/support.google.com\/accounts\/answer\/61416?hl=es\" target=\"_new\" rel=\"noopener\">https:\/\/support.google.com\/accounts\/answer\/61416?hl=es<\/a><\/li>\n \t<li><strong>Safari<\/strong>: <a style=\"color: #33336c;\" href=\"http:\/\/safari.helpmax.net\/es\/privacidad-y-seguridad\/como-gestionar-lascookies\/\" target=\"_new\" rel=\"noopener\">http:\/\/safari.helpmax.net\/es\/privacidad-y-seguridad\/como-gestionar-lascookies\/<\/a><\/li>\n \t<li><strong>Opera<\/strong>: <a style=\"color: #33336c;\" href=\"http:\/\/help.opera.com\/Linux\/10.60\/es-ES\/cookies.html\" target=\"_new\" rel=\"noopener\">http:\/\/help.opera.com\/Linux\/10.60\/es-ES\/cookies.html<\/a><\/li>\n<\/ul>\nAl\u00e9m disso, voc\u00ea tamb\u00e9m pode gerenciar o armazenamento de cookies em seu navegador utilizando ferramentas adicionais.\t\t\t\t\t\t\t\t<\/div>\n\t\t\t\t<\/div>\n\t\t\t\t\t<\/div>\n\t\t\t\t<\/div>\n\t\t<div class=\"elementor-element elementor-element-a71c070 e-flex e-con-boxed wpr-particle-no wpr-jarallax-no wpr-parallax-no wpr-sticky-section-no e-con e-parent\" data-id=\"a71c070\" data-element_type=\"container\" data-e-type=\"container\">\n\t\t\t\t\t<div class=\"e-con-inner\">\n\t\t\t\t<div class=\"elementor-element elementor-element-6c347ab elementor-widget elementor-widget-heading\" data-id=\"6c347ab\" data-element_type=\"widget\" data-e-type=\"widget\" data-widget_type=\"heading.default\">\n\t\t\t\t<div class=\"elementor-widget-container\">\n\t\t\t\t\t<h2 class=\"elementor-heading-title elementor-size-default\">4. Declara\u00e7\u00f5es de cookies utilizados em https:\/\/www.advogadobrasileiro-espanha.com\/<\/h2>\t\t\t\t<\/div>\n\t\t\t\t<\/div>\n\t\t\t\t<div class=\"elementor-element elementor-element-8060ea9 elementor-widget elementor-widget-text-editor\" data-id=\"8060ea9\" data-element_type=\"widget\" data-e-type=\"widget\" data-widget_type=\"text-editor.default\">\n\t\t\t\t<div class=\"elementor-widget-container\">\n\t\t\t\t\t\t\t\t\t<p>Voc\u00ea tem a op\u00e7\u00e3o de permitir, bloquear ou excluir os cookies instalados em seu dispositivo por meio da configura\u00e7\u00e3o das op\u00e7\u00f5es de seu navegador. No ent <\/p><p>Lista de cookies e as informa\u00e7\u00f5es correspondentes a:<\/p><ul><li><strong>Nome do cookie<\/strong><\/li><li><strong>Propriet\u00e1rio<\/strong><\/li><li><strong>Dura\u00e7\u00e3o<\/strong><\/li><li><strong>Tipo de cookie<\/strong><\/li><li><strong>Finalidade do cookie<\/strong><\/li><\/ul>\t\t\t\t\t\t\t\t<\/div>\n\t\t\t\t<\/div>\n\t\t\t\t\t<\/div>\n\t\t\t\t<\/div>\n\t\t<div class=\"elementor-element elementor-element-86cae09 e-flex e-con-boxed wpr-particle-no wpr-jarallax-no wpr-parallax-no wpr-sticky-section-no e-con e-parent\" data-id=\"86cae09\" data-element_type=\"container\" data-e-type=\"container\">\n\t\t\t\t\t<div class=\"e-con-inner\">\n\t\t\t\t<div class=\"elementor-element elementor-element-e761e05 elementor-widget elementor-widget-heading\" data-id=\"e761e05\" data-element_type=\"widget\" data-e-type=\"widget\" data-widget_type=\"heading.default\">\n\t\t\t\t<div class=\"elementor-widget-container\">\n\t\t\t\t\t<h2 class=\"elementor-heading-title elementor-size-default\">5. Aceita\u00e7\u00e3o da pol\u00edtica de cookies<\/h2>\t\t\t\t<\/div>\n\t\t\t\t<\/div>\n\t\t\t\t<div class=\"elementor-element elementor-element-e8ac4d1 elementor-widget elementor-widget-text-editor\" data-id=\"e8ac4d1\" data-element_type=\"widget\" data-e-type=\"widget\" data-widget_type=\"text-editor.default\">\n\t\t\t\t<div class=\"elementor-widget-container\">\n\t\t\t\t\t\t\t\t\tO site <a style=\"color: #33336c; href=\" https:=\"\"><strong>https:\/\/www.advogadobrasileiro-espanha.com\/<\/strong><\/a> assume que voc\u00ea consente com o uso de cookies ao navegar por seu conte\u00fado. No entanto, apresenta informa\u00e7\u00f5es sobre sua Pol\u00edtica de cookies na parte inferior ou superior de qualquer p\u00e1gina do portal cada vez que voc\u00ea inicia a sess\u00e3o, para que esteja bem informado. \n\nDiante dessas informa\u00e7\u00f5es, voc\u00ea pode realizar as seguintes a\u00e7\u00f5es:\n<ul>\n \t<li><strong>Aceitar cookies<\/strong>: Ao fazer isso, voc\u00ea n\u00e3o ver\u00e1 este aviso novamente ao acessar qualquer p\u00e1gina do portal durante a sess\u00e3o atual.<\/li>\n \t<li><strong>Fechar<\/strong>: Oculta o aviso na p\u00e1gina que voc\u00ea est\u00e1 visualizando no momento.<\/li>\n \t<li><strong>Modificar sua configura\u00e7\u00e3o<\/strong>: Aqui voc\u00ea pode obter mais informa\u00e7\u00f5es sobre o que s\u00e3o cookies, consultar a Pol\u00edtica de cookies deste site e ajustar as configura\u00e7\u00f5es de seu navegador.<\/li>\n<\/ul>\t\t\t\t\t\t\t\t<\/div>\n\t\t\t\t<\/div>\n\t\t\t\t\t<\/div>\n\t\t\t\t<\/div>\n\t\t\t\t<\/div>\n\t\t","protected":false},"excerpt":{"rendered":"<p>Pol\u00edtica de Cookies Advogado Brasileiro informa sobre a pol\u00edtica de cookies de sua p\u00e1gina web: https:\/\/www.advogadobrasileiro-espanha.com\/ 1. O que s\u00e3o cookies? Os cookies s\u00e3o pequenos arquivos que s\u00e3o baixados em seu dispositivo por meio de p\u00e1ginas web. S\u00e3o ferramentas essenciais para oferecer v\u00e1rios servi\u00e7os no \u00e2mbito da sociedade da informa\u00e7\u00e3o. Entre outras fun\u00e7\u00f5es, permitem que um site armazene e recupere informa\u00e7\u00f5es relacionadas aos h\u00e1bitos de navega\u00e7\u00e3o do usu\u00e1rio ou de seu dispositivo. Com base nessas informa\u00e7\u00f5es, os cookies podem ser utilizados para identificar o usu\u00e1rio e melhorar a qualidade do servi\u00e7o prestado. 2. Tipos de cookies Dependendo da entidade que gerencia o dom\u00ednio a partir do qual os cookies s\u00e3o enviados e que se encarrega do tratamento dos dados obtidos, os cookies podem ser classificados em duas categorias: Cookies pr\u00f3prios: S\u00e3o aqueles enviados ao dispositivo do usu\u00e1rio a partir de um equipamento ou dom\u00ednio gerenciado pelo editor do site, a partir do qual o servi\u00e7o solicitado pelo usu\u00e1rio \u00e9 prestado. Cookies de terceiros: S\u00e3o aqueles enviados ao dispositivo do usu\u00e1rio a partir de um equipamento ou dom\u00ednio que n\u00e3o \u00e9 gerenciado pelo editor do site, mas sim por outra entidade que trata os dados obtidos por meio dos cookies. \u00c9 importante destacar que, embora os cookies sejam instalados a partir de um equipamento ou dom\u00ednio gerenciado pelo editor do site, se a informa\u00e7\u00e3o coletada for administrada por um terceiro, eles n\u00e3o podem ser considerados cookies pr\u00f3prios. Adicionalmente, os cookies tamb\u00e9m podem ser classificados de acordo com o tempo que permanecem armazenados no navegador do usu\u00e1rio: Cookies de sess\u00e3o: S\u00e3o projetados para coletar e armazenar dados enquanto o usu\u00e1rio acessa um site. Esses cookies costumam ser utilizados para armazenar informa\u00e7\u00f5es relevantes para a presta\u00e7\u00e3o de um servi\u00e7o espec\u00edfico solicitado pelo usu\u00e1rio em uma \u00fanica ocasi\u00e3o, como a lista de produtos comprados. Cookies persistentes: Permanecem armazenados no dispositivo do usu\u00e1rio e podem ser acessados e tratados durante um per\u00edodo definido pelo respons\u00e1vel pelo cookie, que pode variar de alguns minutos a v\u00e1rios anos. Finalmente, existe uma classifica\u00e7\u00e3o baseada na finalidade do tratamento dos dados: Cookies t\u00e9cnicos: Permitem ao usu\u00e1rio navegar por um site, plataforma ou aplicativo, e utilizar diferentes op\u00e7\u00f5es ou servi\u00e7os dispon\u00edveis, como controlar o tr\u00e1fego de dados, identificar a sess\u00e3o, acessar \u00e1reas restritas ou lembrar itens de um pedido. Cookies de personaliza\u00e7\u00e3o: Facilitam ao usu\u00e1rio o acesso ao servi\u00e7o com caracter\u00edsticas predefinidas com base em certos crit\u00e9rios em seu dispositivo, como o idioma, o tipo de navegador ou a configura\u00e7\u00e3o regional. Cookies de an\u00e1lise: Permitem ao respons\u00e1vel por esses cookies realizar o acompanhamento e a an\u00e1lise do comportamento dos usu\u00e1rios nos sites vinculados, com o objetivo de melhorar o servi\u00e7o com base nos dados de uso. Cookies publicit\u00e1rios: S\u00e3o utilizados para a gest\u00e3o eficaz dos espa\u00e7os publicit\u00e1rios. Cookies de publicidade comportamental: Armazenam informa\u00e7\u00f5es sobre os h\u00e1bitos de navega\u00e7\u00e3o dos usu\u00e1rios, obtidas por meio da observa\u00e7\u00e3o cont\u00ednua, a fim de desenvolver um perfil espec\u00edfico para exibir publicidade personalizada. Cookies de redes sociais externas: Permitem que os usu\u00e1rios interajam com o conte\u00fado de diversas plataformas sociais e s\u00e3o gerados apenas para os usu\u00e1rios que s\u00e3o membros de tais redes sociais. As condi\u00e7\u00f5es de uso desses cookies s\u00e3o reguladas pela pol\u00edtica de privacidade da plataforma social correspondente. 3. Desativa\u00e7\u00e3o e exclus\u00e3o de cookies Voc\u00ea tem a op\u00e7\u00e3o de permitir, bloquear ou excluir os cookies instalados em seu dispositivo por meio da configura\u00e7\u00e3o das op\u00e7\u00f5es de seu navegador. No entanto, ao desativar os cookies, \u00e9 poss\u00edvel que alguns servi\u00e7os dispon\u00edveis n\u00e3o funcionem corretamente. A maneira de desativar os cookies varia de acordo com o navegador, mas geralmente pode ser feita pelo menu Ferramentas ou Op\u00e7\u00f5es. Voc\u00ea tamb\u00e9m pode encontrar as instru\u00e7\u00f5es no menu de Ajuda de seu navegador. O usu\u00e1rio pode decidir a qualquer momento quais cookies deseja permitir neste site. Voc\u00ea pode permitir, bloquear ou excluir os cookies instalados em seu dispositivo ajustando as configura\u00e7\u00f5es das op\u00e7\u00f5es do navegador em seu computador: Microsoft Internet Explorer ou Microsoft Edge: http:\/\/windows.microsoft.com\/es-es\/windows-vista\/Block-or-allow-cookies Mozilla Firefox: http:\/\/support.mozilla.org\/es\/kb\/impedir-que-los-sitios-webguarden-sus-preferencia Google Chrome: https:\/\/support.google.com\/accounts\/answer\/61416?hl=es Safari: http:\/\/safari.helpmax.net\/es\/privacidad-y-seguridad\/como-gestionar-lascookies\/ Opera: http:\/\/help.opera.com\/Linux\/10.60\/es-ES\/cookies.html Al\u00e9m disso, voc\u00ea tamb\u00e9m pode gerenciar o armazenamento de cookies em seu navegador utilizando ferramentas adicionais. 4. Declara\u00e7\u00f5es de cookies utilizados em https:\/\/www.advogadobrasileiro-espanha.com\/ Voc\u00ea tem a op\u00e7\u00e3o de permitir, bloquear ou excluir os cookies instalados em seu dispositivo por meio da configura\u00e7\u00e3o das op\u00e7\u00f5es de seu navegador. No ent Lista de cookies e as informa\u00e7\u00f5es correspondentes a: Nome do cookie Propriet\u00e1rio Dura\u00e7\u00e3o Tipo de cookie Finalidade do cookie 5. Aceita\u00e7\u00e3o da pol\u00edtica de cookies O site https:\/\/www.advogadobrasileiro-espanha.com\/ assume que voc\u00ea consente com o uso de cookies ao navegar por seu conte\u00fado. No entanto, apresenta informa\u00e7\u00f5es sobre sua Pol\u00edtica de cookies na parte inferior ou superior de qualquer p\u00e1gina do portal cada vez que voc\u00ea inicia a sess\u00e3o, para que esteja bem informado. Diante dessas informa\u00e7\u00f5es, voc\u00ea pode realizar as seguintes a\u00e7\u00f5es: Aceitar cookies: Ao fazer isso, voc\u00ea n\u00e3o ver\u00e1 este aviso novamente ao acessar qualquer p\u00e1gina do portal durante a sess\u00e3o atual. Fechar: Oculta o aviso na p\u00e1gina que voc\u00ea est\u00e1 visualizando no momento. Modificar sua configura\u00e7\u00e3o: Aqui voc\u00ea pode obter mais informa\u00e7\u00f5es sobre o que s\u00e3o cookies, consultar a Pol\u00edtica de cookies deste site e ajustar as configura\u00e7\u00f5es de seu navegador.<\/p>\n","protected":false},"author":1,"featured_media":0,"parent":0,"menu_order":0,"comment_status":"closed","ping_status":"closed","template":"","meta":{"site-sidebar-layout":"no-sidebar","site-content-layout":"","ast-site-content-layout":"full-width-container","site-content-style":"default","site-sidebar-style":"default","ast-global-header-display":"","ast-banner-title-visibility":"","ast-main-header-display":"","ast-hfb-above-header-display":"","ast-hfb-below-header-display":"","ast-hfb-mobile-header-display":"","site-post-title":"disabled","ast-breadcrumbs-content":"","ast-featured-img":"disabled","footer-sml-layout":"","theme-transparent-header-meta":"","adv-header-id-meta":"","stick-header-meta":"","header-above-stick-meta":"","header-main-stick-meta":"","header-below-stick-meta":"","astra-migrate-meta-layouts":"default","ast-page-background-enabled":"default","ast-page-background-meta":{"desktop":{"background-color":"var(--ast-global-color-4)","background-image":"","background-repeat":"repeat","background-position":"center center","background-size":"auto","background-attachment":"scroll","background-type":"","background-media":"","overlay-type":"","overlay-color":"","overlay-opacity":"","overlay-gradient":""},"tablet":{"background-color":"","background-image":"","background-repeat":"repeat","background-position":"center center","background-size":"auto","background-attachment":"scroll","background-type":"","background-media":"","overlay-type":"","overlay-color":"","overlay-opacity":"","overlay-gradient":""},"mobile":{"background-color":"","background-image":"","background-repeat":"repeat","background-position":"center center","background-size":"auto","background-attachment":"scroll","background-type":"","background-media":"","overlay-type":"","overlay-color":"","overlay-opacity":"","overlay-gradient":""}},"ast-content-background-meta":{"desktop":{"background-color":"var(--ast-global-color-5)","background-image":"","background-repeat":"repeat","background-position":"center center","background-size":"auto","background-attachment":"scroll","background-type":"","background-media":"","overlay-type":"","overlay-color":"","overlay-opacity":"","overlay-gradient":""},"tablet":{"background-color":"var(--ast-global-color-5)","background-image":"","background-repeat":"repeat","background-position":"center center","background-size":"auto","background-attachment":"scroll","background-type":"","background-media":"","overlay-type":"","overlay-color":"","overlay-opacity":"","overlay-gradient":""},"mobile":{"background-color":"var(--ast-global-color-5)","background-image":"","background-repeat":"repeat","background-position":"center center","background-size":"auto","background-attachment":"scroll","background-type":"","background-media":"","overlay-type":"","overlay-color":"","overlay-opacity":"","overlay-gradient":""}},"footnotes":""},"class_list":["post-1569","page","type-page","status-publish","hentry"],"_links":{"self":[{"href":"https:\/\/www.advogadobrasileiro-espanha.com\/pt-br\/wp-json\/wp\/v2\/pages\/1569","targetHints":{"allow":["GET"]}}],"collection":[{"href":"https:\/\/www.advogadobrasileiro-espanha.com\/pt-br\/wp-json\/wp\/v2\/pages"}],"about":[{"href":"https:\/\/www.advogadobrasileiro-espanha.com\/pt-br\/wp-json\/wp\/v2\/types\/page"}],"author":[{"embeddable":true,"href":"https:\/\/www.advogadobrasileiro-espanha.com\/pt-br\/wp-json\/wp\/v2\/users\/1"}],"replies":[{"embeddable":true,"href":"https:\/\/www.advogadobrasileiro-espanha.com\/pt-br\/wp-json\/wp\/v2\/comments?post=1569"}],"version-history":[{"count":1,"href":"https:\/\/www.advogadobrasileiro-espanha.com\/pt-br\/wp-json\/wp\/v2\/pages\/1569\/revisions"}],"predecessor-version":[{"id":1570,"href":"https:\/\/www.advogadobrasileiro-espanha.com\/pt-br\/wp-json\/wp\/v2\/pages\/1569\/revisions\/1570"}],"wp:attachment":[{"href":"https:\/\/www.advogadobrasileiro-espanha.com\/pt-br\/wp-json\/wp\/v2\/media?parent=1569"}],"curies":[{"name":"wp","href":"https:\/\/api.w.org\/{rel}","templated":true}]}}